{"id":1405,"date":"2024-09-20T09:55:02","date_gmt":"2024-09-20T07:55:02","guid":{"rendered":"https:\/\/www.kempkenskohler.com\/?page_id=1405"},"modified":"2026-04-24T16:04:38","modified_gmt":"2026-04-24T14:04:38","slug":"kontakt","status":"publish","type":"page","link":"https:\/\/www.kempkenskohler.com\/de\/kontakt\/","title":{"rendered":"Kontakt"},"content":{"rendered":"<div data-elementor-type=\"wp-page\" data-elementor-id=\"1405\" class=\"elementor elementor-1405\" data-elementor-settings=\"{&quot;element_pack_global_tooltip_width&quot;:{&quot;unit&quot;:&quot;px&quot;,&quot;size&quot;:&quot;&quot;,&quot;sizes&quot;:[]},&quot;element_pack_global_tooltip_width_tablet&quot;:{&quot;unit&quot;:&quot;px&quot;,&quot;size&quot;:&quot;&quot;,&quot;sizes&quot;:[]},&quot;element_pack_global_tooltip_width_mobile&quot;:{&quot;unit&quot;:&quot;px&quot;,&quot;size&quot;:&quot;&quot;,&quot;sizes&quot;:[]},&quot;element_pack_global_tooltip_padding&quot;:{&quot;unit&quot;:&quot;px&quot;,&quot;top&quot;:&quot;&quot;,&quot;right&quot;:&quot;&quot;,&quot;bottom&quot;:&quot;&quot;,&quot;left&quot;:&quot;&quot;,&quot;isLinked&quot;:true},&quot;element_pack_global_tooltip_padding_tablet&quot;:{&quot;unit&quot;:&quot;px&quot;,&quot;top&quot;:&quot;&quot;,&quot;right&quot;:&quot;&quot;,&quot;bottom&quot;:&quot;&quot;,&quot;left&quot;:&quot;&quot;,&quot;isLinked&quot;:true},&quot;element_pack_global_tooltip_padding_mobile&quot;:{&quot;unit&quot;:&quot;px&quot;,&quot;top&quot;:&quot;&quot;,&quot;right&quot;:&quot;&quot;,&quot;bottom&quot;:&quot;&quot;,&quot;left&quot;:&quot;&quot;,&quot;isLinked&quot;:true},&quot;element_pack_global_tooltip_border_radius&quot;:{&quot;unit&quot;:&quot;px&quot;,&quot;top&quot;:&quot;&quot;,&quot;right&quot;:&quot;&quot;,&quot;bottom&quot;:&quot;&quot;,&quot;left&quot;:&quot;&quot;,&quot;isLinked&quot;:true},&quot;element_pack_global_tooltip_border_radius_tablet&quot;:{&quot;unit&quot;:&quot;px&quot;,&quot;top&quot;:&quot;&quot;,&quot;right&quot;:&quot;&quot;,&quot;bottom&quot;:&quot;&quot;,&quot;left&quot;:&quot;&quot;,&quot;isLinked&quot;:true},&quot;element_pack_global_tooltip_border_radius_mobile&quot;:{&quot;unit&quot;:&quot;px&quot;,&quot;top&quot;:&quot;&quot;,&quot;right&quot;:&quot;&quot;,&quot;bottom&quot;:&quot;&quot;,&quot;left&quot;:&quot;&quot;,&quot;isLinked&quot;:true}}\" data-elementor-post-type=\"page\">\n\t\t\t\t<div class=\"elementor-element elementor-element-174a18f e-flex e-con-boxed e-con e-parent\" data-id=\"174a18f\" data-element_type=\"container\" data-e-type=\"container\" data-settings=\"{&quot;background_background&quot;:&quot;classic&quot;}\">\n\t\t\t\t\t<div class=\"e-con-inner\">\n\t\t\t\t<div class=\"elementor-element elementor-element-aaeba48 elementor-widget elementor-widget-html\" data-id=\"aaeba48\" data-element_type=\"widget\" data-e-type=\"widget\" data-widget_type=\"html.default\">\n\t\t\t\t\t<style>\n.kxk-ct-eyebrow {\n  font-family: Sofia Sans, sans-serif;\n  font-size: 11px;\n  font-weight: 600;\n  letter-spacing: 2px;\n  text-transform: uppercase;\n  color: rgba(255,255,255,0.5);\n  margin-bottom: 16px;\n}\n.kxk-ct-h1 {\n  font-family: Sofia Sans, sans-serif;\n  font-size: clamp(2rem, 4vw, 3rem);\n  font-weight: 800;\n  color: #fff;\n  line-height: 1.1;\n  margin-bottom: 16px;\n}\n.kxk-ct-sub {\n  font-family: Sofia Sans, sans-serif;\n  font-size: 0.95rem;\n  color: rgba(255,255,255,0.6);\n  line-height: 1.7;\n  max-width: 500px;\n}\n<\/style>\n\n<p class=\"kxk-ct-eyebrow\">\u2014 Kontaktieren Sie uns<\/p>\n<h1 class=\"kxk-ct-h1\">Let\u2019s discuss your next step \u2014<br>\nwe will get back to you within 24 hours.<\/h1>\n<p class=\"kxk-ct-sub\">Unternehmerisch. Flexibel. Schnell. Ganz gleich, ob Sie ein Unternehmen oder eine F\u00fchrungskraft sind, die offen f\u00fcr neue M\u00f6glichkeiten ist \u2013 wir melden uns innerhalb von 24 Stunden pers\u00f6nlich bei Ihnen.<\/p>\t\t\t\t<\/div>\n\t\t\t\t\t<\/div>\n\t\t\t\t<\/div>\n\t\t<div class=\"elementor-element elementor-element-218583f e-flex e-con-boxed e-con e-parent\" data-id=\"218583f\" data-element_type=\"container\" data-e-type=\"container\" data-settings=\"{&quot;background_background&quot;:&quot;classic&quot;}\">\n\t\t\t\t\t<div class=\"e-con-inner\">\n\t\t<div class=\"elementor-element elementor-element-9d93c0b e-con-full e-flex e-con e-child\" data-id=\"9d93c0b\" data-element_type=\"container\" data-e-type=\"container\">\n\t\t\t\t<div class=\"elementor-element elementor-element-8749941 ui-e-align-tablet-left animated-fast ui-e-top ui-e-align-center ui-e-align-mobile-center elementor-invisible elementor-widget elementor-widget-uicore-icon-box\" data-id=\"8749941\" data-element_type=\"widget\" data-e-type=\"widget\" data-settings=\"{&quot;_animation_delay&quot;:120,&quot;_animation&quot;:&quot;fadeInUp&quot;,&quot;position&quot;:&quot;top&quot;,&quot;readmore&quot;:&quot;yes&quot;,&quot;content_padding&quot;:{&quot;unit&quot;:&quot;px&quot;,&quot;top&quot;:&quot;&quot;,&quot;right&quot;:&quot;&quot;,&quot;bottom&quot;:&quot;&quot;,&quot;left&quot;:&quot;&quot;,&quot;isLinked&quot;:true},&quot;content_padding_tablet&quot;:{&quot;unit&quot;:&quot;px&quot;,&quot;top&quot;:&quot;&quot;,&quot;right&quot;:&quot;&quot;,&quot;bottom&quot;:&quot;&quot;,&quot;left&quot;:&quot;&quot;,&quot;isLinked&quot;:true},&quot;content_padding_mobile&quot;:{&quot;unit&quot;:&quot;px&quot;,&quot;top&quot;:&quot;&quot;,&quot;right&quot;:&quot;&quot;,&quot;bottom&quot;:&quot;&quot;,&quot;left&quot;:&quot;&quot;,&quot;isLinked&quot;:true}}\" data-widget_type=\"uicore-icon-box.default\">\n\t\t\t\t\t\n        <div class=\"ui-e-ico-box\" >\n\n            \n            <div class='ui-e-flex-wrp'>\n\n                                    <div class=\"ui-e-icon-wrp\">\n\n                        <img fetchpriority=\"high\" decoding=\"async\" width=\"600\" height=\"821\" src=\"https:\/\/www.kempkenskohler.com\/wp-content\/uploads\/2026\/01\/Oliver-1.webp\" class=\"attachment-large size-large\" alt=\"\" srcset=\"https:\/\/www.kempkenskohler.com\/wp-content\/uploads\/2026\/01\/Oliver-1.webp 600w, https:\/\/www.kempkenskohler.com\/wp-content\/uploads\/2026\/01\/Oliver-1-219x300.webp 219w, https:\/\/www.kempkenskohler.com\/wp-content\/uploads\/2026\/01\/Oliver-1-9x12.webp 9w, https:\/\/www.kempkenskohler.com\/wp-content\/uploads\/2026\/01\/Oliver-1-475x650.webp 475w\" sizes=\"(max-width: 600px) 100vw, 600px\" \/>\n                    <\/div>\n                \n                <div class=\"ui-e-title-wrp\"><h4 class=\"ui-e-title\">Oliver Kempkens<\/h4><\/div>\n            <\/div>\n\n            <div class=\"ui-e-box-content\">\n                \n                <div class=\"ui-e-description\">\n                    <div class=\"elementor-element elementor-element-0301250 elementor-widget elementor-widget-heading\" data-id=\"0301250\" data-element_type=\"widget\" data-widget_type=\"heading.default\"><div class=\"elementor-widget-container\"><p class=\"elementor-heading-title elementor-size-default\">Gr\u00fcnder und gesch\u00e4ftsf\u00fchrender Gesellschafter<\/p><p><a href=\"mailto:kempkens@kempkenskohler.com\">kempkens@kempkenskohler.com<\/a><br \/><a href=\"tel:+491755060000\">+49 175 50 600 00<\/a><\/p><\/div><\/div>                <\/div>\n\n                                    <a class=\"ui-e-readmore\">\n\n                                                                    <\/a>\n                \n            <\/div>\n        <\/div>\n\t\t\t\t<\/div>\n\t\t\t\t<div class=\"elementor-element elementor-element-8ee10cb ui-e-align-tablet-left animated-fast ui-e-top ui-e-align-center ui-e-align-mobile-center elementor-invisible elementor-widget elementor-widget-uicore-icon-box\" data-id=\"8ee10cb\" data-element_type=\"widget\" data-e-type=\"widget\" data-settings=\"{&quot;_animation_delay&quot;:120,&quot;_animation&quot;:&quot;fadeInUp&quot;,&quot;position&quot;:&quot;top&quot;,&quot;readmore&quot;:&quot;yes&quot;,&quot;content_padding&quot;:{&quot;unit&quot;:&quot;px&quot;,&quot;top&quot;:&quot;&quot;,&quot;right&quot;:&quot;&quot;,&quot;bottom&quot;:&quot;&quot;,&quot;left&quot;:&quot;&quot;,&quot;isLinked&quot;:true},&quot;content_padding_tablet&quot;:{&quot;unit&quot;:&quot;px&quot;,&quot;top&quot;:&quot;&quot;,&quot;right&quot;:&quot;&quot;,&quot;bottom&quot;:&quot;&quot;,&quot;left&quot;:&quot;&quot;,&quot;isLinked&quot;:true},&quot;content_padding_mobile&quot;:{&quot;unit&quot;:&quot;px&quot;,&quot;top&quot;:&quot;&quot;,&quot;right&quot;:&quot;&quot;,&quot;bottom&quot;:&quot;&quot;,&quot;left&quot;:&quot;&quot;,&quot;isLinked&quot;:true}}\" data-widget_type=\"uicore-icon-box.default\">\n\t\t\t\t\t\n        <div class=\"ui-e-ico-box\" >\n\n            \n            <div class='ui-e-flex-wrp'>\n\n                                    <div class=\"ui-e-icon-wrp\">\n\n                        <img decoding=\"async\" width=\"600\" height=\"821\" src=\"https:\/\/www.kempkenskohler.com\/wp-content\/uploads\/2026\/01\/Sebastian-1-1.webp\" class=\"attachment-large size-large\" alt=\"\" srcset=\"https:\/\/www.kempkenskohler.com\/wp-content\/uploads\/2026\/01\/Sebastian-1-1.webp 600w, https:\/\/www.kempkenskohler.com\/wp-content\/uploads\/2026\/01\/Sebastian-1-1-219x300.webp 219w, https:\/\/www.kempkenskohler.com\/wp-content\/uploads\/2026\/01\/Sebastian-1-1-9x12.webp 9w, https:\/\/www.kempkenskohler.com\/wp-content\/uploads\/2026\/01\/Sebastian-1-1-475x650.webp 475w\" sizes=\"(max-width: 600px) 100vw, 600px\" \/>\n                    <\/div>\n                \n                <div class=\"ui-e-title-wrp\"><h4 class=\"ui-e-title\">Sebastian Kohler<\/h4><\/div>\n            <\/div>\n\n            <div class=\"ui-e-box-content\">\n                \n                <div class=\"ui-e-description\">\n                    <div class=\"elementor-element elementor-element-0301250 elementor-widget elementor-widget-heading\" data-id=\"0301250\" data-element_type=\"widget\" data-widget_type=\"heading.default\">\n<div class=\"elementor-widget-container\">\n<p class=\"elementor-heading-title elementor-size-default\">Gr\u00fcnder und gesch\u00e4ftsf\u00fchrender Gesellschafter<\/p>\n<p><a href=\"mailto:kohler@kempkenskohler.com\">kohler@kempkenskohler.com<\/a><br \/><a href=\"tel:+491623443187\">+49 162 344 3187<\/a><\/p>\n<\/div>\n<\/div>                <\/div>\n\n                                    <a class=\"ui-e-readmore\">\n\n                                                                    <\/a>\n                \n            <\/div>\n        <\/div>\n\t\t\t\t<\/div>\n\t\t\t\t<\/div>\n\t\t<div class=\"elementor-element elementor-element-009dd3d e-con-full e-flex e-con e-child\" data-id=\"009dd3d\" data-element_type=\"container\" data-e-type=\"container\" data-settings=\"{&quot;background_background&quot;:&quot;classic&quot;}\">\n\t\t\t\t<div class=\"elementor-element elementor-element-58810b0 elementor-widget__width-inherit elementor-widget elementor-widget-html\" data-id=\"58810b0\" data-element_type=\"widget\" data-e-type=\"widget\" data-no-translation=\"\" data-widget_type=\"html.default\">\n\t\t\t\t\t<style>.elementor-element-58810b0{display:none !important}<\/style>\t\t\t\t<\/div>\n\t\t\t\t<div class=\"elementor-element elementor-element-8f2f37e elementor-widget__width-inherit elementor-widget elementor-widget-html\" data-id=\"8f2f37e\" data-element_type=\"widget\" data-e-type=\"widget\" data-no-translation=\"\" data-widget_type=\"html.default\">\n\t\t\t\t\t<div class=\"involveme_embed\" data-project=\"kxk-funnel-allgemein-deutsch\" data-title=\"KxK Funnel allgemein deutsch\"><script src=\"https:\/\/kl-design.involve.me\/embed\"><\/script><\/div>\t\t\t\t<\/div>\n\t\t\t\t<\/div>\n\t\t\t\t\t<\/div>\n\t\t\t\t<\/div>\n\t\t\t\t<\/div>","protected":false},"excerpt":{"rendered":"<p>\u2014 Get in touch Let\u2019s discuss your next step \u2014 we will get back to you within 24 hours. Entrepreneurial. Adaptive. Fast. [&hellip;]<\/p>\n","protected":false},"author":1,"featured_media":0,"parent":0,"menu_order":0,"comment_status":"closed","ping_status":"closed","template":"","meta":{"footnotes":""},"class_list":["post-1405","page","type-page","status-publish","hentry"],"yoast_head":"<!-- This site is optimized with the Yoast SEO plugin v27.5 - https:\/\/yoast.com\/product\/yoast-seo-wordpress\/ -->\n<title>Kontakt | Kempkens &amp; Kohler M\u00fcnchen<\/title>\n<meta name=\"description\" content=\"Kontaktieren Sie Kempkens &amp; Kohler f\u00fcr Leadership Beratung &amp; Executive Search in M\u00fcnchen. Wir freuen uns auf Ihre Anfrage.\" \/>\n<meta name=\"robots\" content=\"index, follow, max-snippet:-1, max-image-preview:large, max-video-preview:-1\" \/>\n<link rel=\"canonical\" href=\"https:\/\/www.kempkenskohler.com\/de\/kontakt\/\" \/>\n<meta property=\"og:locale\" content=\"de_DE\" \/>\n<meta property=\"og:type\" content=\"article\" \/>\n<meta property=\"og:title\" content=\"Kontakt | Kempkens &amp; Kohler M\u00fcnchen\" \/>\n<meta property=\"og:description\" content=\"Kontaktieren Sie Kempkens &amp; Kohler f\u00fcr Leadership Beratung &amp; Executive Search in M\u00fcnchen. Wir freuen uns auf Ihre Anfrage.\" \/>\n<meta property=\"og:url\" content=\"https:\/\/www.kempkenskohler.com\/de\/kontakt\/\" \/>\n<meta property=\"og:site_name\" content=\"Kempkens x Kohler Headhunter\" \/>\n<meta property=\"article:modified_time\" content=\"2026-04-24T14:04:38+00:00\" \/>\n<meta property=\"og:image\" content=\"https:\/\/www.kempkenskohler.com\/wp-content\/uploads\/2026\/01\/Oliver-1.webp\" \/>\n<meta name=\"twitter:card\" content=\"summary_large_image\" \/>\n<meta name=\"twitter:label1\" content=\"Gesch\u00e4tzte Lesezeit\" \/>\n\t<meta name=\"twitter:data1\" content=\"1\u00a0Minute\" \/>\n<script type=\"application\/ld+json\" class=\"yoast-schema-graph\">{\"@context\":\"https:\\\/\\\/schema.org\",\"@graph\":[{\"@type\":\"WebPage\",\"@id\":\"https:\\\/\\\/www.kempkenskohler.com\\\/kontakt\\\/\",\"url\":\"https:\\\/\\\/www.kempkenskohler.com\\\/kontakt\\\/\",\"name\":\"Kontakt | Kempkens & Kohler M\u00fcnchen\",\"isPartOf\":{\"@id\":\"https:\\\/\\\/www.kempkenskohler.com\\\/#website\"},\"primaryImageOfPage\":{\"@id\":\"https:\\\/\\\/www.kempkenskohler.com\\\/kontakt\\\/#primaryimage\"},\"image\":{\"@id\":\"https:\\\/\\\/www.kempkenskohler.com\\\/kontakt\\\/#primaryimage\"},\"thumbnailUrl\":\"https:\\\/\\\/www.kempkenskohler.com\\\/wp-content\\\/uploads\\\/2026\\\/01\\\/Oliver-1.webp\",\"datePublished\":\"2024-09-20T07:55:02+00:00\",\"dateModified\":\"2026-04-24T14:04:38+00:00\",\"description\":\"Kontaktieren Sie Kempkens & Kohler f\u00fcr Leadership Beratung & Executive Search in M\u00fcnchen. Wir freuen uns auf Ihre Anfrage.\",\"breadcrumb\":{\"@id\":\"https:\\\/\\\/www.kempkenskohler.com\\\/kontakt\\\/#breadcrumb\"},\"inLanguage\":\"de\",\"potentialAction\":[{\"@type\":\"ReadAction\",\"target\":[\"https:\\\/\\\/www.kempkenskohler.com\\\/kontakt\\\/\"]}]},{\"@type\":\"ImageObject\",\"inLanguage\":\"de\",\"@id\":\"https:\\\/\\\/www.kempkenskohler.com\\\/kontakt\\\/#primaryimage\",\"url\":\"https:\\\/\\\/www.kempkenskohler.com\\\/wp-content\\\/uploads\\\/2026\\\/01\\\/Oliver-1.webp\",\"contentUrl\":\"https:\\\/\\\/www.kempkenskohler.com\\\/wp-content\\\/uploads\\\/2026\\\/01\\\/Oliver-1.webp\"},{\"@type\":\"BreadcrumbList\",\"@id\":\"https:\\\/\\\/www.kempkenskohler.com\\\/kontakt\\\/#breadcrumb\",\"itemListElement\":[{\"@type\":\"ListItem\",\"position\":1,\"name\":\"Startseite\",\"item\":\"https:\\\/\\\/www.kempkenskohler.com\\\/\"},{\"@type\":\"ListItem\",\"position\":2,\"name\":\"Contact\"}]},{\"@type\":\"WebSite\",\"@id\":\"https:\\\/\\\/www.kempkenskohler.com\\\/#website\",\"url\":\"https:\\\/\\\/www.kempkenskohler.com\\\/\",\"name\":\"Kempkens x Kohler Headhunter\",\"description\":\"Boutique Executive Search\",\"potentialAction\":[{\"@type\":\"SearchAction\",\"target\":{\"@type\":\"EntryPoint\",\"urlTemplate\":\"https:\\\/\\\/www.kempkenskohler.com\\\/?s={search_term_string}\"},\"query-input\":{\"@type\":\"PropertyValueSpecification\",\"valueRequired\":true,\"valueName\":\"search_term_string\"}}],\"inLanguage\":\"de\"}]}<\/script>\n<!-- \/ Yoast SEO plugin. -->","yoast_head_json":{"title":"Kontakt | Kempkens & Kohler M\u00fcnchen","description":"Kontaktieren Sie Kempkens & Kohler f\u00fcr Leadership Beratung & Executive Search in M\u00fcnchen. Wir freuen uns auf Ihre Anfrage.","robots":{"index":"index","follow":"follow","max-snippet":"max-snippet:-1","max-image-preview":"max-image-preview:large","max-video-preview":"max-video-preview:-1"},"canonical":"https:\/\/www.kempkenskohler.com\/de\/kontakt\/","og_locale":"de_DE","og_type":"article","og_title":"Kontakt | Kempkens & Kohler M\u00fcnchen","og_description":"Kontaktieren Sie Kempkens & Kohler f\u00fcr Leadership Beratung & Executive Search in M\u00fcnchen. Wir freuen uns auf Ihre Anfrage.","og_url":"https:\/\/www.kempkenskohler.com\/de\/kontakt\/","og_site_name":"Kempkens x Kohler Headhunter","article_modified_time":"2026-04-24T14:04:38+00:00","og_image":[{"url":"https:\/\/www.kempkenskohler.com\/wp-content\/uploads\/2026\/01\/Oliver-1.webp","type":"","width":"","height":""}],"twitter_card":"summary_large_image","twitter_misc":{"Gesch\u00e4tzte Lesezeit":"1\u00a0Minute"},"schema":{"@context":"https:\/\/schema.org","@graph":[{"@type":"WebPage","@id":"https:\/\/www.kempkenskohler.com\/kontakt\/","url":"https:\/\/www.kempkenskohler.com\/kontakt\/","name":"Kontakt | Kempkens & Kohler M\u00fcnchen","isPartOf":{"@id":"https:\/\/www.kempkenskohler.com\/#website"},"primaryImageOfPage":{"@id":"https:\/\/www.kempkenskohler.com\/kontakt\/#primaryimage"},"image":{"@id":"https:\/\/www.kempkenskohler.com\/kontakt\/#primaryimage"},"thumbnailUrl":"https:\/\/www.kempkenskohler.com\/wp-content\/uploads\/2026\/01\/Oliver-1.webp","datePublished":"2024-09-20T07:55:02+00:00","dateModified":"2026-04-24T14:04:38+00:00","description":"Kontaktieren Sie Kempkens & Kohler f\u00fcr Leadership Beratung & Executive Search in M\u00fcnchen. Wir freuen uns auf Ihre Anfrage.","breadcrumb":{"@id":"https:\/\/www.kempkenskohler.com\/kontakt\/#breadcrumb"},"inLanguage":"de","potentialAction":[{"@type":"ReadAction","target":["https:\/\/www.kempkenskohler.com\/kontakt\/"]}]},{"@type":"ImageObject","inLanguage":"de","@id":"https:\/\/www.kempkenskohler.com\/kontakt\/#primaryimage","url":"https:\/\/www.kempkenskohler.com\/wp-content\/uploads\/2026\/01\/Oliver-1.webp","contentUrl":"https:\/\/www.kempkenskohler.com\/wp-content\/uploads\/2026\/01\/Oliver-1.webp"},{"@type":"BreadcrumbList","@id":"https:\/\/www.kempkenskohler.com\/kontakt\/#breadcrumb","itemListElement":[{"@type":"ListItem","position":1,"name":"Startseite","item":"https:\/\/www.kempkenskohler.com\/"},{"@type":"ListItem","position":2,"name":"Contact"}]},{"@type":"WebSite","@id":"https:\/\/www.kempkenskohler.com\/#website","url":"https:\/\/www.kempkenskohler.com\/","name":"Kempkens x Kohler Headhunter","description":"Boutique Executive Search","potentialAction":[{"@type":"SearchAction","target":{"@type":"EntryPoint","urlTemplate":"https:\/\/www.kempkenskohler.com\/?s={search_term_string}"},"query-input":{"@type":"PropertyValueSpecification","valueRequired":true,"valueName":"search_term_string"}}],"inLanguage":"de"}]}},"_links":{"self":[{"href":"https:\/\/www.kempkenskohler.com\/de\/wp-json\/wp\/v2\/pages\/1405","targetHints":{"allow":["GET"]}}],"collection":[{"href":"https:\/\/www.kempkenskohler.com\/de\/wp-json\/wp\/v2\/pages"}],"about":[{"href":"https:\/\/www.kempkenskohler.com\/de\/wp-json\/wp\/v2\/types\/page"}],"author":[{"embeddable":true,"href":"https:\/\/www.kempkenskohler.com\/de\/wp-json\/wp\/v2\/users\/1"}],"replies":[{"embeddable":true,"href":"https:\/\/www.kempkenskohler.com\/de\/wp-json\/wp\/v2\/comments?post=1405"}],"version-history":[{"count":426,"href":"https:\/\/www.kempkenskohler.com\/de\/wp-json\/wp\/v2\/pages\/1405\/revisions"}],"predecessor-version":[{"id":11436,"href":"https:\/\/www.kempkenskohler.com\/de\/wp-json\/wp\/v2\/pages\/1405\/revisions\/11436"}],"wp:attachment":[{"href":"https:\/\/www.kempkenskohler.com\/de\/wp-json\/wp\/v2\/media?parent=1405"}],"curies":[{"name":"wp","href":"https:\/\/api.w.org\/{rel}","templated":true}]}}